{"id":2150,"date":"2025-10-20T14:57:19","date_gmt":"2025-10-20T14:57:19","guid":{"rendered":"https:\/\/coraliewrites.ch\/blog\/home-2\/"},"modified":"2025-12-13T19:33:00","modified_gmt":"2025-12-13T19:33:00","slug":"home-2","status":"publish","type":"page","link":"https:\/\/kahlimamag.ch\/blog\/","title":{"rendered":""},"content":{"rendered":"\n<div class=\"wp-block-buttons alignfull is-layout-flex wp-block-buttons-is-layout-flex\"><\/div>\n\n\n\n<p class=\"wp-block-paragraph\"><\/p>\n\n\n\n<blockquote class=\"wp-block-quote has-text-align-center is-layout-flow wp-block-quote-is-layout-flow\">\n<p class=\"wp-block-paragraph\">                                                                                <em><strong>Ein Magazin f\u00fcr poetisches Denken, visuelle Tiefe und das Erz\u00e4hlen mit Herz.<\/strong><\/em><\/p>\n\n\n\n<p class=\"wp-block-paragraph\"><strong>Zwischen Wort und Bild, zwischen Traum und Wirklichkeit \u2013 <em>Kahlima<\/em> ist ein Raum f\u00fcr Portr\u00e4ts, Reportagen und poetische Perspektiven. Feminine Kraft trifft auf moderne \u00c4sthetik und literarische Weite. Hier entfalten sich Geschichten, die ber\u00fchren, irritieren, inspirieren.<\/strong><\/p>\n<\/blockquote>\n\n\n\n<p class=\"wp-block-paragraph\"><\/p>\n\n\n\n<div class=\"wp-block-buttons is-layout-flex wp-block-buttons-is-layout-flex\"><\/div>\n\n\n\n<div class=\"wp-block-cover\"><img loading=\"lazy\" decoding=\"async\" width=\"768\" height=\"1024\" class=\"wp-block-cover__image-background wp-image-2591 size-large\" alt=\"\" src=\"https:\/\/coraliewrites.ch\/blog\/wp-content\/uploads\/2025\/10\/20241005_152410-768x1024.jpg\" data-object-fit=\"cover\" srcset=\"https:\/\/kahlimamag.ch\/blog\/wp-content\/uploads\/2025\/10\/20241005_152410-768x1024.jpg 768w, https:\/\/kahlimamag.ch\/blog\/wp-content\/uploads\/2025\/10\/20241005_152410-225x300.jpg 225w, https:\/\/kahlimamag.ch\/blog\/wp-content\/uploads\/2025\/10\/20241005_152410-1152x1536.jpg 1152w, https:\/\/kahlimamag.ch\/blog\/wp-content\/uploads\/2025\/10\/20241005_152410-1536x2048.jpg 1536w, https:\/\/kahlimamag.ch\/blog\/wp-content\/uploads\/2025\/10\/20241005_152410-scaled.jpg 1920w\" sizes=\"auto, (max-width: 768px) 100vw, 768px\" \/><span aria-hidden=\"true\" class=\"wp-block-cover__background has-background-dim\" style=\"background-color:#806d50\"><\/span><div class=\"wp-block-cover__inner-container is-layout-constrained wp-block-cover-is-layout-constrained\">\n<p class=\"has-text-align-center has-large-font-size wp-block-paragraph\"><\/p>\n<\/div><\/div>\n\n\n\n<div class=\"wp-block-buttons is-layout-flex wp-block-buttons-is-layout-flex\"><\/div>\n\n\n\n<blockquote class=\"wp-block-quote is-layout-flow wp-block-quote-is-layout-flow\">\n<h2 class=\"wp-block-heading alignwide\" id=\"we-re-a-studio-in-berlin-with-an-international-practice-in-architecture-urban-planning-and-interior-design-we-believe-in-sharing-knowledge-and-promoting-dialogue-to-increase-the-creative-potential-of-collaboration\" style=\"font-size:32px;line-height:1.1\">&#8222;Es gibt keine gr\u00f6\u00dfere Qual, als eine unerz\u00e4hlte Geschichte in Dir herumzutragen.&#8220; &#8211; Maya Angelou<\/h2>\n<\/blockquote>\n\n\n\n<p class=\"wp-block-paragraph\"><\/p>\n","protected":false},"excerpt":{"rendered":"<p>Ein Magazin f\u00fcr poetisches Denken, visuelle Tiefe und das Erz\u00e4hlen mit Herz. Zwischen Wort und&#8230;<\/p>\n","protected":false},"author":1,"featured_media":0,"parent":0,"menu_order":0,"comment_status":"closed","ping_status":"closed","template":"","meta":{"_crdt_document":"","footnotes":""},"class_list":["post-2150","page","type-page","status-publish","hentry"],"_links":{"self":[{"href":"https:\/\/kahlimamag.ch\/blog\/wp-json\/wp\/v2\/pages\/2150","targetHints":{"allow":["GET"]}}],"collection":[{"href":"https:\/\/kahlimamag.ch\/blog\/wp-json\/wp\/v2\/pages"}],"about":[{"href":"https:\/\/kahlimamag.ch\/blog\/wp-json\/wp\/v2\/types\/page"}],"author":[{"embeddable":true,"href":"https:\/\/kahlimamag.ch\/blog\/wp-json\/wp\/v2\/users\/1"}],"replies":[{"embeddable":true,"href":"https:\/\/kahlimamag.ch\/blog\/wp-json\/wp\/v2\/comments?post=2150"}],"version-history":[{"count":33,"href":"https:\/\/kahlimamag.ch\/blog\/wp-json\/wp\/v2\/pages\/2150\/revisions"}],"predecessor-version":[{"id":2752,"href":"https:\/\/kahlimamag.ch\/blog\/wp-json\/wp\/v2\/pages\/2150\/revisions\/2752"}],"wp:attachment":[{"href":"https:\/\/kahlimamag.ch\/blog\/wp-json\/wp\/v2\/media?parent=2150"}],"curies":[{"name":"wp","href":"https:\/\/api.w.org\/{rel}","templated":true}]}}